{"id":56,"date":"2026-05-01T21:55:08","date_gmt":"2026-05-01T19:55:08","guid":{"rendered":"http:\/\/178.104.165.96\/wordpress\/?page_id=56"},"modified":"2026-05-01T21:55:08","modified_gmt":"2026-05-01T19:55:08","slug":"vmc-erdeklodesi-eloszoba","status":"publish","type":"page","link":"https:\/\/demo.violamed.hu\/wordpress\/?page_id=56","title":{"rendered":"VMC \u00e9rdekl\u0151d\u00e9si el\u0151szoba"},"content":{"rendered":"<section class=\"vmc-public-section vmc-inquiry-gateway-section\">\n<div class=\"vmc-section-kicker\">K\u00f6vetkez\u0151 l\u00e9p\u00e9s<\/div>\n<h1>VMC \u00e9rdekl\u0151d\u00e9si el\u0151szoba<\/h1>\n<p class=\"vmc-section-lead\">Seg\u00edt\u00fcnk megtal\u00e1lni, merre \u00e9rdemes tov\u00e1bbindulni. Ez az oldal jelenleg biztons\u00e1gos, WordPress oldali ir\u00e1nyv\u00e1laszt\u00f3 el\u0151szoba: nem \u00edr CRM-be, nem ind\u00edt GalenosMed folyamatot, \u00e9s nem jelent automatikus betegkommunik\u00e1ci\u00f3t.<\/p>\n<div class=\"vmc-inquiry-grid\">\n<article class=\"vmc-inquiry-card\" data-vmc-interest=\"nogyogyaszat\">\n<h2>N\u0151gy\u00f3gy\u00e1szati vizit<\/h2>\n<p>Panasz, kontroll, sz\u0171r\u00e9s vagy els\u0151 t\u00e1j\u00e9koz\u00f3d\u00f3 vizit eset\u00e9n innen indulhat az \u00fat.<\/p>\n<\/article>\n<article class=\"vmc-inquiry-card\" data-vmc-interest=\"varandossag\">\n<h2>V\u00e1rand\u00f3sgondoz\u00e1s<\/h2>\n<p>V\u00e1rand\u00f3ss\u00e1gi beteg\u00fat, vizsg\u00e1lati ritmus, ultrahang \u00e9s kontrollpontok \u00e1ttekint\u00e9se.<\/p>\n<\/article>\n<article class=\"vmc-inquiry-card\" data-vmc-interest=\"mental\">\n<h2>Ment\u00e1lhigi\u00e9n\u00e9s program<\/h2>\n<p>Csoportos eduk\u00e1ci\u00f3s \u00e9s t\u00e1mogat\u00f3 programok n\u0151i \u00e9let\u00fat-helyzetekhez.<\/p>\n<\/article><\/div>\n<p class=\"vmc-inquiry-note\">A k\u00e9s\u0151bbi c\u00e9l: ez az el\u0151szoba kontroll\u00e1lt, dry-run alap\u00fa ViolaCRM bridge ir\u00e1nyba b\u0151v\u00edthet\u0151 legyen, k\u00fcl\u00f6n j\u00f3v\u00e1hagyott apply m\u00f3d n\u00e9lk\u00fcl nem t\u00f6rt\u00e9nik \u00e9les CRM \u00edr\u00e1s.<\/p>\n<\/section>\n","protected":false},"excerpt":{"rendered":"<p>K\u00f6vetkez\u0151 l\u00e9p\u00e9s VMC \u00e9rdekl\u0151d\u00e9si el\u0151szoba Seg\u00edt\u00fcnk megtal\u00e1lni, merre \u00e9rdemes tov\u00e1bbindulni. Ez az oldal jelenleg biztons\u00e1gos, WordPress oldali ir\u00e1nyv\u00e1laszt\u00f3 el\u0151szoba: nem \u00edr CRM-be, nem ind\u00edt GalenosMed folyamatot, \u00e9s nem jelent automatikus betegkommunik\u00e1ci\u00f3t. N\u0151gy\u00f3gy\u00e1szati vizit Panasz, kontroll, sz\u0171r\u00e9s vagy els\u0151 t\u00e1j\u00e9koz\u00f3d\u00f3 vizit eset\u00e9n innen indulhat az \u00fat. V\u00e1rand\u00f3sgondoz\u00e1s V\u00e1rand\u00f3ss\u00e1gi beteg\u00fat, vizsg\u00e1lati ritmus, ultrahang \u00e9s kontrollpontok \u00e1ttekint\u00e9se. Ment\u00e1lhigi\u00e9n\u00e9s [&hellip;]<\/p>\n","protected":false},"author":0,"featured_media":0,"parent":0,"menu_order":0,"comment_status":"closed","ping_status":"closed","template":"","meta":{"footnotes":""},"class_list":["post-56","page","type-page","status-publish","hentry"],"_links":{"self":[{"href":"https:\/\/demo.violamed.hu\/wordpress\/index.php?rest_route=\/wp\/v2\/pages\/56","targetHints":{"allow":["GET"]}}],"collection":[{"href":"https:\/\/demo.violamed.hu\/wordpress\/index.php?rest_route=\/wp\/v2\/pages"}],"about":[{"href":"https:\/\/demo.violamed.hu\/wordpress\/index.php?rest_route=\/wp\/v2\/types\/page"}],"replies":[{"embeddable":true,"href":"https:\/\/demo.violamed.hu\/wordpress\/index.php?rest_route=%2Fwp%2Fv2%2Fcomments&post=56"}],"version-history":[{"count":0,"href":"https:\/\/demo.violamed.hu\/wordpress\/index.php?rest_route=\/wp\/v2\/pages\/56\/revisions"}],"wp:attachment":[{"href":"https:\/\/demo.violamed.hu\/wordpress\/index.php?rest_route=%2Fwp%2Fv2%2Fmedia&parent=56"}],"curies":[{"name":"wp","href":"https:\/\/api.w.org\/{rel}","templated":true}]}}